{"id":154,"date":"2020-03-30T16:06:35","date_gmt":"2020-03-30T16:06:35","guid":{"rendered":"http:\/\/halalpoland.pl\/?page_id=154"},"modified":"2026-02-15T22:18:11","modified_gmt":"2026-02-15T22:18:11","slug":"o-nas","status":"publish","type":"page","link":"https:\/\/halalpoland.pl\/pl_PL\/o-nas\/","title":{"rendered":"O Nas"},"content":{"rendered":"[mk_page_section bg_image=&#8221;http:\/\/halalpoland.pl\/wp-content\/uploads\/2020\/03\/halalpoland-bg-020.jpg&#8221; attachment=&#8221;fixed&#8221; bg_position=&#8221;center top&#8221; min_height=&#8221;75&#8243; padding_top=&#8221;0&#8243; padding_bottom=&#8221;0&#8243; sidebar=&#8221;sidebar-1&#8243;][vc_column][\/vc_column][\/mk_page_section][mk_page_section bg_image=&#8221;http:\/\/halalpoland.pl\/wp-content\/uploads\/2020\/03\/halalpoland-bg-020.jpg&#8221; attachment=&#8221;fixed&#8221; bg_position=&#8221;center top&#8221; min_height=&#8221;0&#8243; js_vertical_centered=&#8221;true&#8221; padding_top=&#8221;0&#8243; padding_bottom=&#8221;0&#8243; el_class=&#8221;top-section&#8221; sidebar=&#8221;sidebar-1&#8243;][vc_column][vc_row_inner is_fullwidth_content=&#8221;false&#8221; css=&#8221;.vc_custom_1586512799952{background-position: center !important;background-repeat: no-repeat !important;background-size: cover !important;}&#8221;][vc_column_inner][mk_image src=&#8221;https:\/\/halalpoland.pl\/wp-content\/uploads\/2026\/02\/top-about-1.png&#8221; image_size=&#8221;full&#8221; align=&#8221;center&#8221; margin_bottom=&#8221;0&#8243;][\/vc_column_inner][\/vc_row_inner][\/vc_column][\/mk_page_section][mk_page_section bg_image=&#8221;http:\/\/halalpoland.pl\/wp-content\/uploads\/2020\/03\/halalpoland-bg-020.jpg&#8221; attachment=&#8221;fixed&#8221; bg_position=&#8221;center top&#8221; padding_top=&#8221;0&#8243; padding_bottom=&#8221;0&#8243; el_class=&#8221;txt-section&#8221; sidebar=&#8221;sidebar-1&#8243;][vc_column][mk_padding_divider][vc_row_inner is_fullwidth_content=&#8221;false&#8221;][vc_column_inner width=&#8221;1\/3&#8243;][vc_column_text css=&#8221;.vc_custom_1585584462790{margin-bottom: 0px !important;}&#8221;]\n<h3>MZR<\/h3>\n[\/vc_column_text][mk_divider style=&#8221;single_dotted&#8221; divider_width=&#8221;one_half&#8221; align=&#8221;left&#8221; border_color=&#8221;#008155&#8243; margin_top=&#8221;0&#8243; margin_bottom=&#8221;25&#8243;][mk_image src=&#8221;http:\/\/halalpoland.pl\/wp-content\/uploads\/2020\/04\/logo_mzr.png&#8221; image_size=&#8221;full&#8221;][\/vc_column_inner][vc_column_inner width=&#8221;2\/3&#8243;][vc_column_text css=&#8221;.vc_custom_1771193851308{margin-bottom: 0px !important;}&#8221;]Muzu\u0142ma\u0144ski Zwi\u0105zek Religijny w Rzeczypospolitej Polskiej (dalej MZR) to najstarszy zwi\u0105zek wyznaniowy w kraju, dzia\u0142aj\u0105cy od 1925 roku, skupiaj\u0105cy polsk\u0105 spo\u0142eczno\u015b\u0107 tatarsk\u0105 i muzu\u0142ma\u0144sk\u0105.<\/p>\n<p>MZR jest niezale\u017cn\u0105 organizacj\u0105 religijn\u0105 o statusie r\u00f3wnym innym ko\u015bcio\u0142om w Polsce, uznan\u0105 przez polski rz\u0105d. Wzajemne relacje Muzu\u0142ma\u0144skiego Zwi\u0105zku Religijnego i Pa\u0144stwa Polskiego reguluje ustawa z 21 kwietnia 1936 roku o stosunku pa\u0144stwa do Muzu\u0142ma\u0144skiego Zwi\u0105zku Religijnego w RP, ustawa obowi\u0105zuje do dzi\u015b.<\/p>\n<p>MZR jest przedstawicielem spo\u0142eczno\u015bci muzu\u0142ma\u0144skiej w kontaktach z rz\u0105dem polskim i administracj\u0105 samorz\u0105dow\u0105 oraz reprezentuje j\u0105 wobec zagranicznych instytucji rz\u0105dowych i religijnych.<\/p>\n<p>Na czele MZR stoi Mufti Rzeczypospolitej Polskiej Tomasz Mi\u015bkiewicz.[\/vc_column_text][\/vc_column_inner][\/vc_row_inner][mk_padding_divider][\/vc_column][\/mk_page_section][mk_page_section bg_image=&#8221;http:\/\/halalpoland.pl\/wp-content\/uploads\/2020\/03\/halalpoland-bg-020.jpg&#8221; attachment=&#8221;fixed&#8221; bg_position=&#8221;center top&#8221; min_height=&#8221;75&#8243; padding_top=&#8221;0&#8243; padding_bottom=&#8221;0&#8243; sidebar=&#8221;sidebar-1&#8243;][vc_column][\/vc_column][\/mk_page_section]\n","protected":false},"excerpt":{"rendered":"<p>[mk_page_section bg_image=&#8221;http:\/\/halalpoland.pl\/wp-content\/uploads\/2020\/03\/halalpoland-bg-020.jpg&#8221; attachment=&#8221;fixed&#8221; bg_position=&#8221;center top&#8221; min_height=&#8221;75&#8243; padding_top=&#8221;0&#8243; padding_bottom=&#8221;0&#8243; sidebar=&#8221;sidebar-1&#8243;][vc_column][\/vc_column][\/mk_page_se&#8230;<\/p>\n","protected":false},"author":1,"featured_media":0,"parent":0,"menu_order":0,"comment_status":"closed","ping_status":"closed","template":"","meta":[],"_links":{"self":[{"href":"https:\/\/halalpoland.pl\/pl_PL\/wp-json\/wp\/v2\/pages\/154"}],"collection":[{"href":"https:\/\/halalpoland.pl\/pl_PL\/wp-json\/wp\/v2\/pages"}],"about":[{"href":"https:\/\/halalpoland.pl\/pl_PL\/wp-json\/wp\/v2\/types\/page"}],"author":[{"embeddable":true,"href":"https:\/\/halalpoland.pl\/pl_PL\/wp-json\/wp\/v2\/users\/1"}],"replies":[{"embeddable":true,"href":"https:\/\/halalpoland.pl\/pl_PL\/wp-json\/wp\/v2\/comments?post=154"}],"version-history":[{"count":57,"href":"https:\/\/halalpoland.pl\/pl_PL\/wp-json\/wp\/v2\/pages\/154\/revisions"}],"predecessor-version":[{"id":542,"href":"https:\/\/halalpoland.pl\/pl_PL\/wp-json\/wp\/v2\/pages\/154\/revisions\/542"}],"wp:attachment":[{"href":"https:\/\/halalpoland.pl\/pl_PL\/wp-json\/wp\/v2\/media?parent=154"}],"curies":[{"name":"wp","href":"https:\/\/api.w.org\/{rel}","templated":true}]}}