{"id":80,"date":"2020-03-29T19:59:22","date_gmt":"2020-03-29T19:59:22","guid":{"rendered":"http:\/\/halalpoland.pl\/?page_id=80"},"modified":"2026-02-19T08:17:51","modified_gmt":"2026-02-19T08:17:51","slug":"kontakt","status":"publish","type":"page","link":"https:\/\/halalpoland.pl\/pl_PL\/kontakt\/","title":{"rendered":"Kontakt"},"content":{"rendered":"[mk_page_section bg_image=&#8221;http:\/\/halalpoland.pl\/wp-content\/uploads\/2020\/03\/halalpoland-bg-020.jpg&#8221; attachment=&#8221;fixed&#8221; bg_position=&#8221;center top&#8221; min_height=&#8221;75&#8243; padding_top=&#8221;0&#8243; padding_bottom=&#8221;0&#8243; sidebar=&#8221;sidebar-1&#8243;][vc_column][\/vc_column][\/mk_page_section][mk_page_section bg_image=&#8221;http:\/\/halalpoland.pl\/wp-content\/uploads\/2020\/03\/halalpoland-bg-020.jpg&#8221; attachment=&#8221;fixed&#8221; bg_position=&#8221;center top&#8221; min_height=&#8221;0&#8243; js_vertical_centered=&#8221;true&#8221; padding_top=&#8221;0&#8243; padding_bottom=&#8221;0&#8243; el_class=&#8221;top-section&#8221; sidebar=&#8221;sidebar-1&#8243;][vc_column][vc_row_inner is_fullwidth_content=&#8221;false&#8221; css=&#8221;.vc_custom_1586512799952{background-position: center !important;background-repeat: no-repeat !important;background-size: cover !important;}&#8221;][vc_column_inner][mk_image src=&#8221;http:\/\/halalpoland.pl\/wp-content\/uploads\/2020\/04\/halal-poland-kontakt-top-hp-system.jpg&#8221; image_size=&#8221;full&#8221; align=&#8221;center&#8221; margin_bottom=&#8221;0&#8243;][\/vc_column_inner][\/vc_row_inner][\/vc_column][\/mk_page_section][mk_page_section bg_image=&#8221;http:\/\/halalpoland.pl\/wp-content\/uploads\/2020\/03\/halalpoland-bg-020.jpg&#8221; attachment=&#8221;fixed&#8221; bg_position=&#8221;center top&#8221; padding_top=&#8221;0&#8243; padding_bottom=&#8221;0&#8243; el_class=&#8221;txt-section&#8221; sidebar=&#8221;sidebar-1&#8243;][vc_column][mk_padding_divider][vc_row_inner is_fullwidth_content=&#8221;false&#8221;][vc_column_inner][mk_divider style=&#8221;single_dotted&#8221; divider_width=&#8221;one_half&#8221; align=&#8221;left&#8221; border_color=&#8221;#008155&#8243; margin_top=&#8221;0&#8243; margin_bottom=&#8221;25&#8243;][vc_column_text css=&#8221;.vc_custom_1771489054089{margin-bottom: 0px !important;}&#8221;]<strong>Mufti&#8217;s office:<\/strong> ul. Piastowska 13 F, 15-207 Bia\u0142ystok<br \/>\n<strong>Halal System Office:<\/strong> ul. M. Sk\u0142odowskiej-Curie 3\/121, 15-094 Bia\u0142ystok<br \/>\n<strong>mobile:<\/strong> +48 534 085 400<br \/>\n<strong>e-mail:<\/strong> <a class=\"moz-txt-link-abbreviated\" href=\"mailto:halalpoland@gmail.com\">halalpoland@gmail.com<\/a>[\/vc_column_text][mk_divider style=&#8221;single_dotted&#8221; divider_width=&#8221;one_half&#8221; align=&#8221;left&#8221; border_color=&#8221;#008155&#8243; margin_top=&#8221;0&#8243; margin_bottom=&#8221;25&#8243;][vc_column_text css=&#8221;.vc_custom_1585511826059{margin-bottom: 0px !important;}&#8221;]Zapraszamy do zapoznania si\u0119 z udost\u0119pnionymi informacjami.<\/p>\n<p>W przypadku pyta\u0144 zach\u0119camy do kontaktu telefonicznego lub pozostawienia wiadomo\u015bci elektronicznej.[\/vc_column_text][\/vc_column_inner][\/vc_row_inner][mk_padding_divider][vc_separator color=&#8221;custom&#8221; accent_color=&#8221;#008155&#8243;][vc_row_inner is_fullwidth_content=&#8221;false&#8221;][vc_column_inner width=&#8221;1\/3&#8243;][vc_column_text css=&#8221;.vc_custom_1585513971080{margin-bottom: 0px !important;}&#8221;]\n<h3>Formularz kontaktowy<\/h3>\n[\/vc_column_text][mk_divider style=&#8221;single_dotted&#8221; divider_width=&#8221;one_half&#8221; align=&#8221;left&#8221; border_color=&#8221;#008155&#8243; margin_top=&#8221;0&#8243; margin_bottom=&#8221;25&#8243;][mk_padding_divider][\/vc_column_inner][vc_column_inner width=&#8221;2\/3&#8243;][vc_column_text css=&#8221;.vc_custom_1585537690728{margin-bottom: 0px !important;}&#8221;]Prosimy o uzupe\u0142nienie p\u00f3l formularza.[\/vc_column_text][mk_padding_divider]<div role=\"form\" class=\"wpcf7\" id=\"wpcf7-f6-o1\" lang=\"pl-PL\" dir=\"ltr\">\n<div class=\"screen-reader-response\"><p role=\"status\" aria-live=\"polite\" aria-atomic=\"true\"><\/p> <ul><\/ul><\/div>\n<form action=\"\/pl_PL\/wp-json\/wp\/v2\/pages\/80#wpcf7-f6-o1\" method=\"post\" class=\"wpcf7-form init\" novalidate=\"novalidate\" data-status=\"init\">\n<div style=\"display: none;\">\n<input type=\"hidden\" name=\"_wpcf7\" value=\"6\" \/>\n<input type=\"hidden\" name=\"_wpcf7_version\" value=\"5.6.1\" \/>\n<input type=\"hidden\" name=\"_wpcf7_locale\" value=\"pl_PL\" \/>\n<input type=\"hidden\" name=\"_wpcf7_unit_tag\" value=\"wpcf7-f6-o1\" \/>\n<input type=\"hidden\" name=\"_wpcf7_container_post\" value=\"0\" \/>\n<input type=\"hidden\" name=\"_wpcf7_posted_data_hash\" value=\"\" \/>\n<input type=\"hidden\" name=\"_wpcf7_recaptcha_response\" value=\"\" \/>\n<\/div>\n<p><label> Imi\u0119 i nazwisko *<br \/>\n    <span class=\"wpcf7-form-control-wrap\" data-name=\"Imie\"><input type=\"text\" name=\"Imie\" value=\"\" size=\"40\" class=\"wpcf7-form-control wpcf7-text wpcf7-validates-as-required\" aria-required=\"true\" aria-invalid=\"false\" \/><\/span> <\/label><\/p>\n<p><label> Nazwa firmy *<br \/>\n    <span class=\"wpcf7-form-control-wrap\" data-name=\"Firma\"><input type=\"text\" name=\"Firma\" value=\"\" size=\"40\" class=\"wpcf7-form-control wpcf7-text wpcf7-validates-as-required\" aria-required=\"true\" aria-invalid=\"false\" \/><\/span> <\/label><\/p>\n<p><label> Numer telefonu *<br \/>\n    <span class=\"wpcf7-form-control-wrap\" data-name=\"Telefon\"><input type=\"tel\" name=\"Telefon\" value=\"\" size=\"40\" class=\"wpcf7-form-control wpcf7-text wpcf7-tel wpcf7-validates-as-required wpcf7-validates-as-tel\" aria-required=\"true\" aria-invalid=\"false\" \/><\/span> <\/label><\/p>\n<p><label> E-mail *<br \/>\n    <span class=\"wpcf7-form-control-wrap\" data-name=\"Email\"><input type=\"email\" name=\"Email\" value=\"\" size=\"40\" class=\"wpcf7-form-control wpcf7-text wpcf7-email wpcf7-validates-as-required wpcf7-validates-as-email\" aria-required=\"true\" aria-invalid=\"false\" \/><\/span> <\/label><\/p>\n<div class=\"clearboth\"><\/div>\n<p><label> Temat<br \/>\n    <span class=\"wpcf7-form-control-wrap\" data-name=\"Temat\"><input type=\"text\" name=\"Temat\" value=\"\" size=\"40\" class=\"wpcf7-form-control wpcf7-text\" aria-invalid=\"false\" \/><\/span> <\/label><\/p>\n<div class=\"clearboth\"><\/div>\n<p><label> Tre\u015b\u0107 wiadomo\u015bci<br \/>\n    <span class=\"wpcf7-form-control-wrap\" data-name=\"Wiadomosc\"><textarea name=\"Wiadomosc\" cols=\"40\" rows=\"10\" class=\"wpcf7-form-control wpcf7-textarea\" aria-invalid=\"false\"><\/textarea><\/span> <\/label><\/p>\n<div class=\"clearboth\"><\/div>\n<p>* pola wymagane<\/p>\n<p><span class=\"wpcf7-form-control-wrap\" data-name=\"acceptance-698\"><span class=\"wpcf7-form-control wpcf7-acceptance\"><span class=\"wpcf7-list-item\"><label><input type=\"checkbox\" name=\"acceptance-698\" value=\"1\" aria-invalid=\"false\" \/><span class=\"wpcf7-list-item-label\">Zapozna\u0142em\/am si\u0119 z tre\u015bci\u0105 <a href=\"#popmake-115\" class=\"pum-trigger\" style=\"cursor: pointer;\">Klauzuli informacyjnej<\/a>.<\/span><\/label><\/span><\/span><\/span><\/p>\n<div class=\"clearboth\"><\/div>\n<span class=\"wpcf7-form-control-wrap recaptcha\" data-name=\"recaptcha\"><span data-sitekey=\"6LepF-UUAAAAAGG-vhHc4LuUFe5M1DaRUgbTefRg\" class=\"wpcf7-form-control g-recaptcha wpcf7-recaptcha\"><\/span>\n<noscript>\n\t<div class=\"grecaptcha-noscript\">\n\t\t<iframe src=\"https:\/\/www.google.com\/recaptcha\/api\/fallback?k=6LepF-UUAAAAAGG-vhHc4LuUFe5M1DaRUgbTefRg\" frameborder=\"0\" scrolling=\"no\" width=\"310\" height=\"430\">\n\t\t<\/iframe>\n\t\t<textarea name=\"g-recaptcha-response\" rows=\"3\" cols=\"40\" placeholder=\"reCaptcha Response Here\">\n\t\t<\/textarea>\n\t<\/div>\n<\/noscript>\n<\/span>\n<div class=\"clearboth\"><\/div>\n<p><input type=\"submit\" value=\"Wy\u015blij\" class=\"wpcf7-form-control has-spinner wpcf7-submit\" \/><\/p>\n<input type='hidden' class='wpcf7-pum' value='{\"closepopup\":false,\"closedelay\":0,\"openpopup\":false,\"openpopup_id\":0}' \/><div class=\"wpcf7-response-output\" aria-hidden=\"true\"><\/div><\/form><\/div>[\/vc_column_inner][\/vc_row_inner][mk_padding_divider][vc_separator color=&#8221;custom&#8221; accent_color=&#8221;#008155&#8243;][\/vc_column][\/mk_page_section][mk_page_section bg_image=&#8221;http:\/\/halalpoland.pl\/wp-content\/uploads\/2020\/03\/halalpoland-bg-020.jpg&#8221; attachment=&#8221;fixed&#8221; bg_position=&#8221;center top&#8221; min_height=&#8221;75&#8243; padding_top=&#8221;0&#8243; padding_bottom=&#8221;0&#8243; sidebar=&#8221;sidebar-1&#8243;][vc_column][\/vc_column][\/mk_page_section]\n","protected":false},"excerpt":{"rendered":"<p>[mk_page_section bg_image=&#8221;http:\/\/halalpoland.pl\/wp-content\/uploads\/2020\/03\/halalpoland-bg-020.jpg&#8221; attachment=&#8221;fixed&#8221; bg_position=&#8221;center top&#8221; min_height=&#8221;75&#8243; padding_top=&#8221;0&#8243; padding_bottom=&#8221;0&#8243; sidebar=&#8221;sidebar-1&#8243;][vc_column][\/vc_column][\/mk_page_se&#8230;<\/p>\n","protected":false},"author":1,"featured_media":0,"parent":0,"menu_order":0,"comment_status":"closed","ping_status":"closed","template":"","meta":[],"_links":{"self":[{"href":"https:\/\/halalpoland.pl\/pl_PL\/wp-json\/wp\/v2\/pages\/80"}],"collection":[{"href":"https:\/\/halalpoland.pl\/pl_PL\/wp-json\/wp\/v2\/pages"}],"about":[{"href":"https:\/\/halalpoland.pl\/pl_PL\/wp-json\/wp\/v2\/types\/page"}],"author":[{"embeddable":true,"href":"https:\/\/halalpoland.pl\/pl_PL\/wp-json\/wp\/v2\/users\/1"}],"replies":[{"embeddable":true,"href":"https:\/\/halalpoland.pl\/pl_PL\/wp-json\/wp\/v2\/comments?post=80"}],"version-history":[{"count":60,"href":"https:\/\/halalpoland.pl\/pl_PL\/wp-json\/wp\/v2\/pages\/80\/revisions"}],"predecessor-version":[{"id":626,"href":"https:\/\/halalpoland.pl\/pl_PL\/wp-json\/wp\/v2\/pages\/80\/revisions\/626"}],"wp:attachment":[{"href":"https:\/\/halalpoland.pl\/pl_PL\/wp-json\/wp\/v2\/media?parent=80"}],"curies":[{"name":"wp","href":"https:\/\/api.w.org\/{rel}","templated":true}]}}